{"id":3524,"date":"2022-07-05T09:08:34","date_gmt":"2022-07-05T07:08:34","guid":{"rendered":"http:\/\/2022.pack-to-edit.de\/?page_id=3524"},"modified":"2022-07-20T11:56:32","modified_gmt":"2022-07-20T09:56:32","slug":"data-verification","status":"publish","type":"page","link":"https:\/\/www.pack-to-edit.de\/en\/data-verification\/","title":{"rendered":"Data verification"},"content":{"rendered":"<p>[et_pb_section fb_built=&#8221;1&#8243; custom_padding_last_edited=&#8221;on|phone&#8221; admin_label=&#8221;Banner&#8221; _builder_version=&#8221;4.17.4&#8243; _module_preset=&#8221;default&#8221; background_image=&#8221;\/wp-content\/uploads\/2022\/05\/slider-packaging-artwork.jpg&#8221; positioning=&#8221;none&#8221; position_origin_a=&#8221;top_center&#8221; position_origin_r=&#8221;bottom_left&#8221; vertical_offset=&#8221;0px&#8221; min_height_tablet=&#8221;&#8221; min_height_phone=&#8221;&#8221; min_height_last_edited=&#8221;on|phone&#8221; height=&#8221;260px&#8221; height_tablet=&#8221;260px&#8221; height_phone=&#8221;260px&#8221; height_last_edited=&#8221;on|phone&#8221; max_height=&#8221;260px&#8221; custom_padding=&#8221;90px|5%|0px|5%|false|false&#8221; custom_padding_tablet=&#8221;100px|0%|0px|0%|false|false&#8221; custom_padding_phone=&#8221;100px||||false|false&#8221; global_colors_info=&#8221;{}&#8221;][et_pb_row custom_padding_last_edited=&#8221;on|desktop&#8221; _builder_version=&#8221;4.17.4&#8243; _module_preset=&#8221;default&#8221; positioning=&#8221;none&#8221; position_origin_r=&#8221;bottom_left&#8221; vertical_offset=&#8221;10px&#8221; position_origin_a_tablet=&#8221;&#8221; position_origin_a_phone=&#8221;&#8221; position_origin_a_last_edited=&#8221;on|tablet&#8221; position_origin_f_tablet=&#8221;&#8221; position_origin_f_phone=&#8221;&#8221; position_origin_f_last_edited=&#8221;on|tablet&#8221; position_origin_r_tablet=&#8221;bottom_left&#8221; position_origin_r_phone=&#8221;bottom_left&#8221; position_origin_r_last_edited=&#8221;on|phone&#8221; width=&#8221;1000px&#8221; max_width_tablet=&#8221;80%&#8221; max_width_phone=&#8221;80%&#8221; max_width_last_edited=&#8221;on|phone&#8221; custom_margin=&#8221;||||false|false&#8221; custom_padding=&#8221;0px||0px||false|false&#8221; custom_padding_tablet=&#8221;0px||0px||false|false&#8221; custom_padding_phone=&#8221;0px||0px||false|false&#8221; positioning_tablet=&#8221;none&#8221; positioning_phone=&#8221;none&#8221; positioning_last_edited=&#8221;on|phone&#8221; global_colors_info=&#8221;{}&#8221;][et_pb_column type=&#8221;4_4&#8243; _builder_version=&#8221;4.17.4&#8243; _module_preset=&#8221;default&#8221; global_colors_info=&#8221;{}&#8221;][et_pb_text admin_label=&#8221;H1&#8243; module_class=&#8221;underline-orange&#8221; _builder_version=&#8221;4.17.4&#8243; _module_preset=&#8221;default&#8221; text_font=&#8221;|600|||||||&#8221; header_font=&#8221;|800|||||||&#8221; header_text_color=&#8221;#FFFFFF&#8221; header_font_size=&#8221;40px&#8221; header_line_height=&#8221;1.2em&#8221; header_3_text_color=&#8221;#FFFFFF&#8221; custom_margin=&#8221;||15px||false|false&#8221; custom_margin_tablet=&#8221;||15px||false|false&#8221; custom_margin_phone=&#8221;||10px||false|false&#8221; custom_margin_last_edited=&#8221;on|phone&#8221; global_colors_info=&#8221;{}&#8221;]<\/p>\n<h3><a>Technology<\/a><\/h3>\n<p>[\/et_pb_text][et_pb_text admin_label=&#8221;H1&#8243; _builder_version=&#8221;4.17.4&#8243; _module_preset=&#8221;default&#8221; text_font=&#8221;|600|||||||&#8221; text_text_color=&#8221;rgba(255,255,255,0.8)&#8221; text_font_size=&#8221;16px&#8221; header_font=&#8221;|800|||||||&#8221; header_text_color=&#8221;#FFFFFF&#8221; header_font_size=&#8221;40px&#8221; header_line_height=&#8221;1.2em&#8221; header_font_size_tablet=&#8221;40px&#8221; header_font_size_phone=&#8221;34px&#8221; header_font_size_last_edited=&#8221;on|phone&#8221; global_colors_info=&#8221;{}&#8221;]<\/p>\n<h1>Data verification<\/h1>\n<p>[\/et_pb_text][\/et_pb_column][\/et_pb_row][\/et_pb_section][et_pb_section fb_built=&#8221;1&#8243; custom_padding_last_edited=&#8221;on|phone&#8221; admin_label=&#8221;Artwork &#038; Design&#8221; module_id=&#8221;vorteile&#8221; _builder_version=&#8221;4.17.6&#8243; _module_preset=&#8221;default&#8221; background_enable_color=&#8221;off&#8221; background_image=&#8221;https:\/\/www.pack-to-edit.de\/wp-content\/uploads\/2022\/05\/hg-pattern-packaging.jpg&#8221; parallax=&#8221;on&#8221; custom_padding=&#8221;70px||70px||false|false&#8221; custom_padding_tablet=&#8221;70px||70px||false|false&#8221; custom_padding_phone=&#8221;40px||40px||false|false&#8221; sticky_limit_top=&#8221;body&#8221; hover_enabled=&#8221;0&#8243; global_colors_info=&#8221;{}&#8221; title_text=&#8221;hg-pattern-packaging&#8221; sticky_enabled=&#8221;0&#8243;][et_pb_row _builder_version=&#8221;4.17.4&#8243; _module_preset=&#8221;default&#8221; width=&#8221;1000px&#8221; max_width=&#8221;90%&#8221; max_width_tablet=&#8221;80%&#8221; max_width_phone=&#8221;80%&#8221; max_width_last_edited=&#8221;on|desktop&#8221; custom_padding=&#8221;0px||||false|false&#8221; global_colors_info=&#8221;{}&#8221;][et_pb_column type=&#8221;4_4&#8243; _builder_version=&#8221;4.17.0&#8243; _module_preset=&#8221;default&#8221; global_colors_info=&#8221;{}&#8221;][et_pb_text content_tablet=&#8221;<\/p>\n<h2>Qualit\u00e4tssicherung mittels umfassender Datenpr\u00fcfung<\/h2>\n<ul class=%22p2e-list-start%22>\n<li>Fehlerminimierung durch effektiven Pr\u00fcfworkflow<\/li>\n<li>Nachvollziehbare Kontrolle aller Datens\u00e4tze<\/li>\n<li>Pr\u00fcfung nach kundenspezifischen Anforderungen<\/li>\n<\/ul>\n<p>&#8221; content_phone=&#8221;<\/p>\n<h2>Qualit\u00e4tssicherung mittels umfassender Datenpr\u00fcfung<\/h2>\n<ul class=%22p2e-list-start%22>\n<li>Fehlerminimierung durch effektiven Pr\u00fcfworkflow<\/li>\n<li>Nachvollziehbare Kontrolle aller Datens\u00e4tze<\/li>\n<li>Pr\u00fcfung nach kundenspezifischen Anforderungen<\/li>\n<\/ul>\n<p>&#8221; content_last_edited=&#8221;on|phone&#8221; module_class=&#8221;p2e-list&#8221; _builder_version=&#8221;4.17.4&#8243; _module_preset=&#8221;default&#8221; header_2_font=&#8221;|700|||||||&#8221; header_2_line_height=&#8221;1.4em&#8221; custom_margin=&#8221;||0px||false|false&#8221; custom_padding=&#8221;||0px||false|false&#8221; global_colors_info=&#8221;{}&#8221;]<\/p>\n<h2>Quality assurance by means of comprehensive data verification<\/h2>\n<ul class=\"p2e-list-start\">\n<li>Error minimisation through effective inspection workflow<\/li>\n<li>Traceable control of all data records<\/li>\n<li>Testing according to customer-specific requirements<\/li>\n<\/ul>\n<p>[\/et_pb_text][et_pb_image src=&#8221;\/wp-content\/uploads\/2022\/07\/datenpruefung-01.jpg&#8221; alt=&#8221;Qualit\u00e4tssicherung mittels umfassender Datenpr\u00fcfung&#8221; _builder_version=&#8221;4.17.6&#8243; _module_preset=&#8221;default&#8221; width=&#8221;70%&#8221; custom_margin=&#8221;||||false|false&#8221; custom_padding=&#8221;0px||||false|false&#8221; animation_style=&#8221;fade&#8221; hover_enabled=&#8221;0&#8243; global_colors_info=&#8221;{}&#8221; sticky_enabled=&#8221;0&#8243;][\/et_pb_image][\/et_pb_column][\/et_pb_row][et_pb_row _builder_version=&#8221;4.17.4&#8243; _module_preset=&#8221;default&#8221; width=&#8221;1000px&#8221; max_width=&#8221;90%&#8221; max_width_tablet=&#8221;80%&#8221; max_width_phone=&#8221;80%&#8221; max_width_last_edited=&#8221;on|desktop&#8221; custom_padding=&#8221;0px||0px||false|false&#8221; global_colors_info=&#8221;{}&#8221;][et_pb_column type=&#8221;4_4&#8243; _builder_version=&#8221;4.17.0&#8243; _module_preset=&#8221;default&#8221; global_colors_info=&#8221;{}&#8221;][et_pb_text content_tablet=&#8221;<\/p>\n<p>Unser geschultes Team verf\u00fcgt \u00fcber hohe Erfahrungswerte im Umgang mit Artwork-Daten. In unserem Workflow gibt es als festen Bestandteil verbindliche Schritte, bei denen die Daten gepr\u00fcft werden.<\/p>\n<p>Die Bausteine unseres Pr\u00fcfworkflows umfassen:<\/p>\n<ul>\n<li>Checklisten<\/li>\n<li>TVT<\/li>\n<li>4-Augen-Kontrolle<\/li>\n<\/ul>\n<p>Bei der Pr\u00fcfung werden alle relevanten Elemente der Datens\u00e4tze ber\u00fccksichtigt. Gepr\u00fcft werden kundenspezifische Vorgaben, Inhalte werden nach freigegebenen Manuskripten abgeglichen. Codes und technische Vorgaben werden ebenso \u00fcberpr\u00fcft wie alle drucktechnisch relevanten Einstellungen. Die Einhaltung von Designmanuals sind ein weiterer Pr\u00fcfbaustein. Unterst\u00fctzt werden die Pr\u00fcfvorg\u00e4nge von moderner und speziell daf\u00fcr konzipierter Software.\u2028Eine transparente Kommunikation mit dem Kunden sorgt f\u00fcr optimale und nachvollziehbare Abl\u00e4ufe. Die Datenpr\u00fcfung bieten wir unseren Kunden auch als v\u00f6llig eigenst\u00e4ndigen Service an.<\/p>\n<p>&#8221; content_phone=&#8221;<\/p>\n<p>Unser geschultes Team verf\u00fcgt \u00fcber hohe Erfahrungswerte im Umgang mit Artwork-Daten. In unserem Workflow gibt es als festen Bestandteil verbindliche Schritte, bei denen die Daten gepr\u00fcft werden.<\/p>\n<p>Die Bausteine unseres Pr\u00fcfworkflows umfassen:<\/p>\n<ul>\n<li>Checklisten<\/li>\n<li>TVT<\/li>\n<li>4-Augen-Kontrolle<\/li>\n<\/ul>\n<p>Bei der Pr\u00fcfung werden alle relevanten Elemente der Datens\u00e4tze ber\u00fccksichtigt. Gepr\u00fcft werden kundenspezifische Vorgaben, Inhalte werden nach freigegebenen Manuskripten abgeglichen. Codes und technische Vorgaben werden ebenso \u00fcberpr\u00fcft wie alle drucktechnisch relevanten Einstellungen. Die Einhaltung von Designmanuals sind ein weiterer Pr\u00fcfbaustein. Unterst\u00fctzt werden die Pr\u00fcfvorg\u00e4nge von moderner und speziell daf\u00fcr konzipierter Software.\u2028Eine transparente Kommunikation mit dem Kunden sorgt f\u00fcr optimale und nachvollziehbare Abl\u00e4ufe. Die Datenpr\u00fcfung bieten wir unseren Kunden auch als v\u00f6llig eigenst\u00e4ndigen Service an.<\/p>\n<p>&#8221; content_last_edited=&#8221;on|phone&#8221; module_class=&#8221;p2e-list&#8221; _builder_version=&#8221;4.17.4&#8243; _module_preset=&#8221;default&#8221; header_2_font=&#8221;|700|||||||&#8221; header_2_line_height=&#8221;1.4em&#8221; global_colors_info=&#8221;{}&#8221;]<\/p>\n<p>Our trained team has a high level of experience in dealing with artwork data. As an integral part of our workflow, there are binding steps in which the data is checked.<\/p>\n<p>The building blocks of our audit workflow include:<\/p>\n<ul>\n<li>Checklists<\/li>\n<li>TVT<\/li>\n<li>4-eyes-review<\/li>\n<\/ul>\n<p>During the check, all relevant elements of the data records are taken into account. Customer-specific specifications are checked, content is compared according to approved manuscripts. Codes and technical specifications are checked as well as all settings relevant to printing technology. Die Adherence to design manuals constitutes another verification component. The test procedures are supported by modern and specially designed software.<\/p>\n<p>Transparent customer communication ensures optimal and comprehensible processes. We also offer our customers data verification as a completely independent service.<\/p>\n<p>[\/et_pb_text][\/et_pb_column][\/et_pb_row][et_pb_row _builder_version=&#8221;4.17.4&#8243; _module_preset=&#8221;default&#8221; width=&#8221;1000px&#8221; max_width=&#8221;90%&#8221; max_width_tablet=&#8221;80%&#8221; max_width_phone=&#8221;80%&#8221; max_width_last_edited=&#8221;on|desktop&#8221; custom_margin=&#8221;30px||0px||false|false&#8221; custom_padding=&#8221;0px||0px||false|false&#8221; global_module=&#8221;3731&#8243; global_colors_info=&#8221;{}&#8221;][et_pb_column type=&#8221;4_4&#8243; _builder_version=&#8221;4.17.4&#8243; _module_preset=&#8221;default&#8221; global_colors_info=&#8221;{}&#8221;][et_pb_button button_url=&#8221;@ET-DC@eyJkeW5hbWljIjp0cnVlLCJjb250ZW50IjoicG9zdF9saW5rX3VybF9wYWdlIiwic2V0dGluZ3MiOnsicG9zdF9pZCI6IjM5NzMifX0=@&#8221; button_text=&#8221;Back to start&#8221; _builder_version=&#8221;4.17.6&#8243; _dynamic_attributes=&#8221;button_url&#8221; _module_preset=&#8221;default&#8221; custom_button=&#8221;on&#8221; button_text_size=&#8221;14px&#8221; button_text_color=&#8221;#FFFFFF&#8221; button_bg_color=&#8221;#1A438F&#8221; button_border_width=&#8221;0px&#8221; button_font=&#8221;|700|||||||&#8221; button_use_icon=&#8221;off&#8221; custom_padding=&#8221;10px|18px|10px|18px|false|false&#8221; global_colors_info=&#8221;{}&#8221; button_bg_color__hover=&#8221;#FF9910&#8243; button_bg_color__hover_enabled=&#8221;on|hover&#8221;][\/et_pb_button][\/et_pb_column][\/et_pb_row][\/et_pb_section]<\/p>\n","protected":false},"excerpt":{"rendered":"<p>TechnologyData verificationQuality assurance by means of comprehensive data verification Error minimisation through effective inspection workflow Traceable control of all data records Testing according to customer-specific requirements Our trained team has a high level of experience in dealing with artwork data. As an integral part of our workflow, there are binding steps in which the data [&hellip;]<\/p>\n","protected":false},"author":1,"featured_media":0,"parent":0,"menu_order":0,"comment_status":"closed","ping_status":"closed","template":"","meta":{"_et_pb_use_builder":"on","_et_pb_old_content":"","_et_gb_content_width":"","footnotes":""},"class_list":["post-3524","page","type-page","status-publish","hentry"],"yoast_head":"<!-- This site is optimized with the Yoast SEO plugin v19.3 - https:\/\/yoast.com\/wordpress\/plugins\/seo\/ -->\n<title>Data Verification | Quality assurance by means of data verification<\/title>\n<meta name=\"description\" content=\"Control of artwork data according to customer requirements by means of an effective inspection workflow to minimise errors.\" \/>\n<meta name=\"robots\" content=\"index, follow, max-snippet:-1, max-image-preview:large, max-video-preview:-1\" \/>\n<link rel=\"canonical\" href=\"https:\/\/www.pack-to-edit.de\/en\/data-verification\/\" \/>\n<meta property=\"og:locale\" content=\"en_US\" \/>\n<meta property=\"og:type\" content=\"article\" \/>\n<meta property=\"og:title\" content=\"Data Verification | Quality assurance by means of data verification\" \/>\n<meta property=\"og:description\" content=\"Control of artwork data according to customer requirements by means of an effective inspection workflow to minimise errors.\" \/>\n<meta property=\"og:url\" content=\"https:\/\/www.pack-to-edit.de\/en\/data-verification\/\" \/>\n<meta property=\"og:site_name\" content=\"Pack 2 Edit \u2013 2022\" \/>\n<meta property=\"article:modified_time\" content=\"2022-07-20T09:56:32+00:00\" \/>\n<meta name=\"twitter:card\" content=\"summary_large_image\" \/>\n<meta name=\"twitter:label1\" content=\"Est. reading time\" \/>\n\t<meta name=\"twitter:data1\" content=\"6 minutes\" \/>\n<script type=\"application\/ld+json\" class=\"yoast-schema-graph\">{\"@context\":\"https:\/\/schema.org\",\"@graph\":[{\"@type\":\"WebSite\",\"@id\":\"https:\/\/www.pack-to-edit.de\/#website\",\"url\":\"https:\/\/www.pack-to-edit.de\/\",\"name\":\"Pack 2 Edit \u2013 2022\",\"description\":\"Verpackungsdesign &amp; Packmittel\",\"potentialAction\":[{\"@type\":\"SearchAction\",\"target\":{\"@type\":\"EntryPoint\",\"urlTemplate\":\"https:\/\/www.pack-to-edit.de\/?s={search_term_string}\"},\"query-input\":\"required name=search_term_string\"}],\"inLanguage\":\"en-US\"},{\"@type\":\"WebPage\",\"@id\":\"https:\/\/www.pack-to-edit.de\/en\/data-verification\/\",\"url\":\"https:\/\/www.pack-to-edit.de\/en\/data-verification\/\",\"name\":\"Data Verification | Quality assurance by means of data verification\",\"isPartOf\":{\"@id\":\"https:\/\/www.pack-to-edit.de\/#website\"},\"datePublished\":\"2022-07-05T07:08:34+00:00\",\"dateModified\":\"2022-07-20T09:56:32+00:00\",\"description\":\"Control of artwork data according to customer requirements by means of an effective inspection workflow to minimise errors.\",\"breadcrumb\":{\"@id\":\"https:\/\/www.pack-to-edit.de\/en\/data-verification\/#breadcrumb\"},\"inLanguage\":\"en-US\",\"potentialAction\":[{\"@type\":\"ReadAction\",\"target\":[\"https:\/\/www.pack-to-edit.de\/en\/data-verification\/\"]}]},{\"@type\":\"BreadcrumbList\",\"@id\":\"https:\/\/www.pack-to-edit.de\/en\/data-verification\/#breadcrumb\",\"itemListElement\":[{\"@type\":\"ListItem\",\"position\":1,\"name\":\"Startseite\",\"item\":\"https:\/\/www.pack-to-edit.de\/en\/\"},{\"@type\":\"ListItem\",\"position\":2,\"name\":\"Data verification\"}]}]}<\/script>\n<!-- \/ Yoast SEO plugin. -->","yoast_head_json":{"title":"Data Verification | Quality assurance by means of data verification","description":"Control of artwork data according to customer requirements by means of an effective inspection workflow to minimise errors.","robots":{"index":"index","follow":"follow","max-snippet":"max-snippet:-1","max-image-preview":"max-image-preview:large","max-video-preview":"max-video-preview:-1"},"canonical":"https:\/\/www.pack-to-edit.de\/en\/data-verification\/","og_locale":"en_US","og_type":"article","og_title":"Data Verification | Quality assurance by means of data verification","og_description":"Control of artwork data according to customer requirements by means of an effective inspection workflow to minimise errors.","og_url":"https:\/\/www.pack-to-edit.de\/en\/data-verification\/","og_site_name":"Pack 2 Edit \u2013 2022","article_modified_time":"2022-07-20T09:56:32+00:00","twitter_card":"summary_large_image","twitter_misc":{"Est. reading time":"6 minutes"},"schema":{"@context":"https:\/\/schema.org","@graph":[{"@type":"WebSite","@id":"https:\/\/www.pack-to-edit.de\/#website","url":"https:\/\/www.pack-to-edit.de\/","name":"Pack 2 Edit \u2013 2022","description":"Verpackungsdesign &amp; Packmittel","potentialAction":[{"@type":"SearchAction","target":{"@type":"EntryPoint","urlTemplate":"https:\/\/www.pack-to-edit.de\/?s={search_term_string}"},"query-input":"required name=search_term_string"}],"inLanguage":"en-US"},{"@type":"WebPage","@id":"https:\/\/www.pack-to-edit.de\/en\/data-verification\/","url":"https:\/\/www.pack-to-edit.de\/en\/data-verification\/","name":"Data Verification | Quality assurance by means of data verification","isPartOf":{"@id":"https:\/\/www.pack-to-edit.de\/#website"},"datePublished":"2022-07-05T07:08:34+00:00","dateModified":"2022-07-20T09:56:32+00:00","description":"Control of artwork data according to customer requirements by means of an effective inspection workflow to minimise errors.","breadcrumb":{"@id":"https:\/\/www.pack-to-edit.de\/en\/data-verification\/#breadcrumb"},"inLanguage":"en-US","potentialAction":[{"@type":"ReadAction","target":["https:\/\/www.pack-to-edit.de\/en\/data-verification\/"]}]},{"@type":"BreadcrumbList","@id":"https:\/\/www.pack-to-edit.de\/en\/data-verification\/#breadcrumb","itemListElement":[{"@type":"ListItem","position":1,"name":"Startseite","item":"https:\/\/www.pack-to-edit.de\/en\/"},{"@type":"ListItem","position":2,"name":"Data verification"}]}]}},"_links":{"self":[{"href":"https:\/\/www.pack-to-edit.de\/en\/wp-json\/wp\/v2\/pages\/3524","targetHints":{"allow":["GET"]}}],"collection":[{"href":"https:\/\/www.pack-to-edit.de\/en\/wp-json\/wp\/v2\/pages"}],"about":[{"href":"https:\/\/www.pack-to-edit.de\/en\/wp-json\/wp\/v2\/types\/page"}],"author":[{"embeddable":true,"href":"https:\/\/www.pack-to-edit.de\/en\/wp-json\/wp\/v2\/users\/1"}],"replies":[{"embeddable":true,"href":"https:\/\/www.pack-to-edit.de\/en\/wp-json\/wp\/v2\/comments?post=3524"}],"version-history":[{"count":9,"href":"https:\/\/www.pack-to-edit.de\/en\/wp-json\/wp\/v2\/pages\/3524\/revisions"}],"predecessor-version":[{"id":4257,"href":"https:\/\/www.pack-to-edit.de\/en\/wp-json\/wp\/v2\/pages\/3524\/revisions\/4257"}],"wp:attachment":[{"href":"https:\/\/www.pack-to-edit.de\/en\/wp-json\/wp\/v2\/media?parent=3524"}],"curies":[{"name":"wp","href":"https:\/\/api.w.org\/{rel}","templated":true}]}}